{"id":371,"date":"2024-05-08T17:50:02","date_gmt":"2024-05-08T20:50:02","guid":{"rendered":"https:\/\/gpasociados.cl\/?page_id=371"},"modified":"2025-07-29T16:47:08","modified_gmt":"2025-07-29T19:47:08","slug":"contratos","status":"publish","type":"page","link":"https:\/\/gpasociados.cl\/index.php\/contratos\/","title":{"rendered":"Contratos"},"content":{"rendered":"\t\t<div data-elementor-type=\"wp-page\" data-elementor-id=\"371\" class=\"elementor elementor-371\">\n\t\t\t\t<div class=\"elementor-element elementor-element-a33f4e4 e-flex e-con-boxed e-con e-parent\" data-id=\"a33f4e4\" data-element_type=\"container\" data-settings=\"{&quot;background_background&quot;:&quot;classic&quot;}\">\n\t\t\t\t\t<div class=\"e-con-inner\">\n\t\t<div class=\"elementor-element elementor-element-aa94abc e-con-full e-flex e-con e-child\" data-id=\"aa94abc\" data-element_type=\"container\">\n\t\t<div class=\"elementor-element elementor-element-0b69104 e-con-full e-flex e-con e-child\" data-id=\"0b69104\" data-element_type=\"container\">\n\t\t\t\t<div class=\"elementor-element elementor-element-3f35e53 elementor-widget__width-initial elementor-widget elementor-widget-heading\" data-id=\"3f35e53\" data-element_type=\"widget\" data-widget_type=\"heading.default\">\n\t\t\t\t<div class=\"elementor-widget-container\">\n\t\t\t\t\t<h1 class=\"elementor-heading-title elementor-size-default\">CONTRATOS<\/h1>\t\t\t\t<\/div>\n\t\t\t\t<\/div>\n\t\t\t\t<div class=\"elementor-element elementor-element-ac30453 elementor-widget__width-initial elementor-widget elementor-widget-text-editor\" data-id=\"ac30453\" data-element_type=\"widget\" data-widget_type=\"text-editor.default\">\n\t\t\t\t<div class=\"elementor-widget-container\">\n\t\t\t\t\t\t\t\t\t<p>Redactamos, revisamos y analizamos todo tipo de contratos civiles y comerciales, asegurando que tus derechos est\u00e9n protegidos y que cada cl\u00e1usula sea clara, v\u00e1lida y equitativa. Nos encargamos de prevenir conflictos antes de que ocurran.<\/p>\t\t\t\t\t\t\t\t<\/div>\n\t\t\t\t<\/div>\n\t\t\t\t<\/div>\n\t\t\t\t<\/div>\n\t\t\t\t\t<\/div>\n\t\t\t\t<\/div>\n\t\t<div class=\"elementor-element elementor-element-1e1fa4c e-flex e-con-boxed elementor-invisible e-con e-parent\" data-id=\"1e1fa4c\" data-element_type=\"container\" data-settings=\"{&quot;animation&quot;:&quot;fadeInUp&quot;}\">\n\t\t\t\t\t<div class=\"e-con-inner\">\n\t\t<div class=\"elementor-element elementor-element-52285c7 e-con-full e-flex e-con e-child\" data-id=\"52285c7\" data-element_type=\"container\">\n\t\t\t\t<div class=\"elementor-element elementor-element-f6b6fd5 elementor-widget elementor-widget-heading\" data-id=\"f6b6fd5\" data-element_type=\"widget\" data-widget_type=\"heading.default\">\n\t\t\t\t<div class=\"elementor-widget-container\">\n\t\t\t\t\t<h2 class=\"elementor-heading-title elementor-size-default\">\ud83c\udfe1 Estudios de T\u00edtulos<\/h2>\t\t\t\t<\/div>\n\t\t\t\t<\/div>\n\t\t\t\t<div class=\"elementor-element elementor-element-90599c7 elementor-widget elementor-widget-text-editor\" data-id=\"90599c7\" data-element_type=\"widget\" data-widget_type=\"text-editor.default\">\n\t\t\t\t<div class=\"elementor-widget-container\">\n\t\t\t\t\t\t\t\t\t<div class=\"elementor-element elementor-element-6a5a38f elementor-widget elementor-widget-text-editor\" data-id=\"6a5a38f\" data-element_type=\"widget\" data-widget_type=\"text-editor.default\"><div class=\"elementor-widget-container\"><p data-start=\"759\" data-end=\"965\">Revisamos exhaustivamente el historial legal de propiedades antes de cualquier compraventa. Identificamos riesgos, cargas o irregularidades para que tomes decisiones con total confianza y respaldo jur\u00eddico.<\/p><\/div><\/div>\t\t\t\t\t\t\t\t<\/div>\n\t\t\t\t<\/div>\n\t\t\t\t<div class=\"elementor-element elementor-element-96257d5 elementor-align-left elementor-widget elementor-widget-button\" data-id=\"96257d5\" data-element_type=\"widget\" data-widget_type=\"button.default\">\n\t\t\t\t<div class=\"elementor-widget-container\">\n\t\t\t\t\t\t\t\t\t<div class=\"elementor-button-wrapper\">\n\t\t\t\t\t<a class=\"elementor-button elementor-button-link elementor-size-sm\" href=\"https:\/\/gpasociados.cl\/index.php\/estudio-de-titulos\/\">\n\t\t\t\t\t\t<span class=\"elementor-button-content-wrapper\">\n\t\t\t\t\t\t\t\t\t<span class=\"elementor-button-text\">SABER M\u00c1S<\/span>\n\t\t\t\t\t<\/span>\n\t\t\t\t\t<\/a>\n\t\t\t\t<\/div>\n\t\t\t\t\t\t\t\t<\/div>\n\t\t\t\t<\/div>\n\t\t\t\t<\/div>\n\t\t<div class=\"elementor-element elementor-element-9f7082f e-con-full e-flex e-con e-child\" data-id=\"9f7082f\" data-element_type=\"container\">\n\t\t\t\t<div class=\"elementor-element elementor-element-741280a elementor-widget elementor-widget-heading\" data-id=\"741280a\" data-element_type=\"widget\" data-widget_type=\"heading.default\">\n\t\t\t\t<div class=\"elementor-widget-container\">\n\t\t\t\t\t<h2 class=\"elementor-heading-title elementor-size-default\">\ud83d\udd8b\ufe0f Redacci\u00f3n de Escrituras P\u00fablicas<\/h2>\t\t\t\t<\/div>\n\t\t\t\t<\/div>\n\t\t\t\t<div class=\"elementor-element elementor-element-53379f3 elementor-widget elementor-widget-text-editor\" data-id=\"53379f3\" data-element_type=\"widget\" data-widget_type=\"text-editor.default\">\n\t\t\t\t<div class=\"elementor-widget-container\">\n\t\t\t\t\t\t\t\t\t<div class=\"elementor-element elementor-element-6a5a38f elementor-widget elementor-widget-text-editor\" data-id=\"6a5a38f\" data-element_type=\"widget\" data-widget_type=\"text-editor.default\"><div class=\"elementor-widget-container\"><p>Elaboramos escrituras p\u00fablicas con precisi\u00f3n jur\u00eddica y conforme a la normativa vigente, ya sea para la constituci\u00f3n de sociedades, compraventas, donaciones, poderes, testamentos u otros actos legales que requieren formalizaci\u00f3n ante notario.<\/p><\/div><\/div>\t\t\t\t\t\t\t\t<\/div>\n\t\t\t\t<\/div>\n\t\t\t\t<div class=\"elementor-element elementor-element-b07531e elementor-align-left elementor-widget elementor-widget-button\" data-id=\"b07531e\" data-element_type=\"widget\" data-widget_type=\"button.default\">\n\t\t\t\t<div class=\"elementor-widget-container\">\n\t\t\t\t\t\t\t\t\t<div class=\"elementor-button-wrapper\">\n\t\t\t\t\t<a class=\"elementor-button elementor-button-link elementor-size-sm\" href=\"https:\/\/gpasociados.cl\/index.php\/redaccion-de-escrituras-publicas\/\">\n\t\t\t\t\t\t<span class=\"elementor-button-content-wrapper\">\n\t\t\t\t\t\t\t\t\t<span class=\"elementor-button-text\">SABER M\u00c1S<\/span>\n\t\t\t\t\t<\/span>\n\t\t\t\t\t<\/a>\n\t\t\t\t<\/div>\n\t\t\t\t\t\t\t\t<\/div>\n\t\t\t\t<\/div>\n\t\t\t\t<\/div>\n\t\t\t\t\t<\/div>\n\t\t\t\t<\/div>\n\t\t<div class=\"elementor-element elementor-element-7c1e1d8 e-flex e-con-boxed elementor-invisible e-con e-parent\" data-id=\"7c1e1d8\" data-element_type=\"container\" data-settings=\"{&quot;animation&quot;:&quot;fadeInUp&quot;}\">\n\t\t\t\t\t<div class=\"e-con-inner\">\n\t\t<div class=\"elementor-element elementor-element-b3c4c21 e-con-full e-flex e-con e-child\" data-id=\"b3c4c21\" data-element_type=\"container\">\n\t\t\t\t<div class=\"elementor-element elementor-element-4434e51 elementor-widget elementor-widget-heading\" data-id=\"4434e51\" data-element_type=\"widget\" data-widget_type=\"heading.default\">\n\t\t\t\t<div class=\"elementor-widget-container\">\n\t\t\t\t\t<h2 class=\"elementor-heading-title elementor-size-default\">\ud83c\udfe0 Asesor\u00eda en Contratos de Arriendo<\/h2>\t\t\t\t<\/div>\n\t\t\t\t<\/div>\n\t\t\t\t<div class=\"elementor-element elementor-element-77f9390 elementor-widget elementor-widget-text-editor\" data-id=\"77f9390\" data-element_type=\"widget\" data-widget_type=\"text-editor.default\">\n\t\t\t\t<div class=\"elementor-widget-container\">\n\t\t\t\t\t\t\t\t\t<div class=\"elementor-element elementor-element-6a5a38f elementor-widget elementor-widget-text-editor\" data-id=\"6a5a38f\" data-element_type=\"widget\" data-widget_type=\"text-editor.default\"><div class=\"elementor-widget-container\"><p data-start=\"759\" data-end=\"965\">Redactamos y revisamos contratos de arriendo de bienes ra\u00edces, protegiendo tus derechos ya sea como arrendador o arrendatario. Tambi\u00e9n te asesoramos en casos de incumplimiento, t\u00e9rmino anticipado, renovaciones o desalojo.<\/p><\/div><\/div>\t\t\t\t\t\t\t\t<\/div>\n\t\t\t\t<\/div>\n\t\t\t\t<div class=\"elementor-element elementor-element-9a58215 elementor-align-left elementor-widget elementor-widget-button\" data-id=\"9a58215\" data-element_type=\"widget\" data-widget_type=\"button.default\">\n\t\t\t\t<div class=\"elementor-widget-container\">\n\t\t\t\t\t\t\t\t\t<div class=\"elementor-button-wrapper\">\n\t\t\t\t\t<a class=\"elementor-button elementor-button-link elementor-size-sm\" href=\"https:\/\/gpasociados.cl\/index.php\/arriendo\/\">\n\t\t\t\t\t\t<span class=\"elementor-button-content-wrapper\">\n\t\t\t\t\t\t\t\t\t<span class=\"elementor-button-text\">SABER M\u00c1S<\/span>\n\t\t\t\t\t<\/span>\n\t\t\t\t\t<\/a>\n\t\t\t\t<\/div>\n\t\t\t\t\t\t\t\t<\/div>\n\t\t\t\t<\/div>\n\t\t\t\t<\/div>\n\t\t<div class=\"elementor-element elementor-element-a0f6829 e-con-full e-flex e-con e-child\" data-id=\"a0f6829\" data-element_type=\"container\">\n\t\t\t\t<div class=\"elementor-element elementor-element-d48d0bd elementor-widget elementor-widget-heading\" data-id=\"d48d0bd\" data-element_type=\"widget\" data-widget_type=\"heading.default\">\n\t\t\t\t<div class=\"elementor-widget-container\">\n\t\t\t\t\t<h2 class=\"elementor-heading-title elementor-size-default\">\ud83c\udfe2 Constituci\u00f3n de Sociedades<\/h2>\t\t\t\t<\/div>\n\t\t\t\t<\/div>\n\t\t\t\t<div class=\"elementor-element elementor-element-067718e elementor-widget elementor-widget-text-editor\" data-id=\"067718e\" data-element_type=\"widget\" data-widget_type=\"text-editor.default\">\n\t\t\t\t<div class=\"elementor-widget-container\">\n\t\t\t\t\t\t\t\t\t<div class=\"elementor-element elementor-element-6a5a38f elementor-widget elementor-widget-text-editor\" data-id=\"6a5a38f\" data-element_type=\"widget\" data-widget_type=\"text-editor.default\"><div class=\"elementor-widget-container\"><p>Te asesoramos en la creaci\u00f3n de sociedades comerciales, eligiendo el tipo jur\u00eddico m\u00e1s adecuado (SpA, Ltda., EIRL, entre otras) seg\u00fan tus necesidades. Redactamos estatutos, gestionamos la inscripci\u00f3n y publicaci\u00f3n, y nos encargamos de todo el proceso para que inicies tu actividad formalmente y sin complicaciones.<\/p><\/div><\/div>\t\t\t\t\t\t\t\t<\/div>\n\t\t\t\t<\/div>\n\t\t\t\t<div class=\"elementor-element elementor-element-814ad6a elementor-align-left elementor-widget elementor-widget-button\" data-id=\"814ad6a\" data-element_type=\"widget\" data-widget_type=\"button.default\">\n\t\t\t\t<div class=\"elementor-widget-container\">\n\t\t\t\t\t\t\t\t\t<div class=\"elementor-button-wrapper\">\n\t\t\t\t\t<a class=\"elementor-button elementor-button-link elementor-size-sm\" href=\"https:\/\/gpasociados.cl\/index.php\/constitucion-de-sociedades\/\">\n\t\t\t\t\t\t<span class=\"elementor-button-content-wrapper\">\n\t\t\t\t\t\t\t\t\t<span class=\"elementor-button-text\">SABER M\u00c1S<\/span>\n\t\t\t\t\t<\/span>\n\t\t\t\t\t<\/a>\n\t\t\t\t<\/div>\n\t\t\t\t\t\t\t\t<\/div>\n\t\t\t\t<\/div>\n\t\t\t\t<\/div>\n\t\t\t\t\t<\/div>\n\t\t\t\t<\/div>\n\t\t\t\t<\/div>\n\t\t","protected":false},"excerpt":{"rendered":"<p>CONTRATOS Redactamos, revisamos y analizamos todo tipo de contratos civiles y comerciales, asegurando que tus derechos est\u00e9n protegidos y que [&hellip;]<\/p>\n","protected":false},"author":1,"featured_media":0,"parent":0,"menu_order":0,"comment_status":"closed","ping_status":"closed","template":"","meta":{"site-sidebar-layout":"no-sidebar","site-content-layout":"","ast-site-content-layout":"full-width-container","site-content-style":"default","site-sidebar-style":"default","ast-global-header-display":"","ast-banner-title-visibility":"","ast-main-header-display":"","ast-hfb-above-header-display":"","ast-hfb-below-header-display":"","ast-hfb-mobile-header-display":"","site-post-title":"disabled","ast-breadcrumbs-content":"","ast-featured-img":"disabled","footer-sml-layout":"","theme-transparent-header-meta":"","adv-header-id-meta":"","stick-header-meta":"","header-above-stick-meta":"","header-main-stick-meta":"","header-below-stick-meta":"","astra-migrate-meta-layouts":"default","ast-page-background-enabled":"default","ast-page-background-meta":{"desktop":{"background-color":"var(--ast-global-color-4)","background-image":"","background-repeat":"repeat","background-position":"center center","background-size":"auto","background-attachment":"scroll","background-type":"","background-media":"","overlay-type":"","overlay-color":"","overlay-opacity":"","overlay-gradient":""},"tablet":{"background-color":"","background-image":"","background-repeat":"repeat","background-position":"center center","background-size":"auto","background-attachment":"scroll","background-type":"","background-media":"","overlay-type":"","overlay-color":"","overlay-opacity":"","overlay-gradient":""},"mobile":{"background-color":"","background-image":"","background-repeat":"repeat","background-position":"center center","background-size":"auto","background-attachment":"scroll","background-type":"","background-media":"","overlay-type":"","overlay-color":"","overlay-opacity":"","overlay-gradient":""}},"ast-content-background-meta":{"desktop":{"background-color":"var(--ast-global-color-5)","background-image":"","background-repeat":"repeat","background-position":"center center","background-size":"auto","background-attachment":"scroll","background-type":"","background-media":"","overlay-type":"","overlay-color":"","overlay-opacity":"","overlay-gradient":""},"tablet":{"background-color":"var(--ast-global-color-5)","background-image":"","background-repeat":"repeat","background-position":"center center","background-size":"auto","background-attachment":"scroll","background-type":"","background-media":"","overlay-type":"","overlay-color":"","overlay-opacity":"","overlay-gradient":""},"mobile":{"background-color":"var(--ast-global-color-5)","background-image":"","background-repeat":"repeat","background-position":"center center","background-size":"auto","background-attachment":"scroll","background-type":"","background-media":"","overlay-type":"","overlay-color":"","overlay-opacity":"","overlay-gradient":""}},"footnotes":""},"class_list":["post-371","page","type-page","status-publish","hentry"],"yoast_head":"<!-- This site is optimized with the Yoast SEO plugin v26.0 - https:\/\/yoast.com\/wordpress\/plugins\/seo\/ -->\n<title>Contratos - GP asociados - Estudio jur\u00eddico<\/title>\n<meta name=\"description\" content=\"Redacci\u00f3n y revisi\u00f3n de contratos civiles y comerciales. Protege tus acuerdos con asesor\u00eda legal experta. Servicio r\u00e1pido, claro y confiable.\" \/>\n<meta name=\"robots\" content=\"index, follow, max-snippet:-1, max-image-preview:large, max-video-preview:-1\" \/>\n<link rel=\"canonical\" href=\"https:\/\/gpasociados.cl\/index.php\/contratos\/\" \/>\n<meta property=\"og:locale\" content=\"es_ES\" \/>\n<meta property=\"og:type\" content=\"article\" \/>\n<meta property=\"og:title\" content=\"Contratos - GP asociados - Estudio jur\u00eddico\" \/>\n<meta property=\"og:description\" content=\"Redacci\u00f3n y revisi\u00f3n de contratos civiles y comerciales. Protege tus acuerdos con asesor\u00eda legal experta. Servicio r\u00e1pido, claro y confiable.\" \/>\n<meta property=\"og:url\" content=\"https:\/\/gpasociados.cl\/index.php\/contratos\/\" \/>\n<meta property=\"og:site_name\" content=\"GP asociados - Estudio jur\u00eddico\" \/>\n<meta property=\"article:modified_time\" content=\"2025-07-29T19:47:08+00:00\" \/>\n<meta name=\"twitter:card\" content=\"summary_large_image\" \/>\n<meta name=\"twitter:label1\" content=\"Tiempo estimado de lectura\" \/>\n\t<meta name=\"twitter:data1\" content=\"3 minutos\" \/>\n<script type=\"application\/ld+json\" class=\"yoast-schema-graph\">{\"@context\":\"https:\/\/schema.org\",\"@graph\":[{\"@type\":\"WebPage\",\"@id\":\"https:\/\/gpasociados.cl\/index.php\/contratos\/\",\"url\":\"https:\/\/gpasociados.cl\/index.php\/contratos\/\",\"name\":\"Contratos - GP asociados - Estudio jur\u00eddico\",\"isPartOf\":{\"@id\":\"https:\/\/gpasociados.cl\/#website\"},\"datePublished\":\"2024-05-08T20:50:02+00:00\",\"dateModified\":\"2025-07-29T19:47:08+00:00\",\"description\":\"Redacci\u00f3n y revisi\u00f3n de contratos civiles y comerciales. Protege tus acuerdos con asesor\u00eda legal experta. Servicio r\u00e1pido, claro y confiable.\",\"breadcrumb\":{\"@id\":\"https:\/\/gpasociados.cl\/index.php\/contratos\/#breadcrumb\"},\"inLanguage\":\"es-CL\",\"potentialAction\":[{\"@type\":\"ReadAction\",\"target\":[\"https:\/\/gpasociados.cl\/index.php\/contratos\/\"]}]},{\"@type\":\"BreadcrumbList\",\"@id\":\"https:\/\/gpasociados.cl\/index.php\/contratos\/#breadcrumb\",\"itemListElement\":[{\"@type\":\"ListItem\",\"position\":1,\"name\":\"Portada\",\"item\":\"https:\/\/gpasociados.cl\/\"},{\"@type\":\"ListItem\",\"position\":2,\"name\":\"Contratos\"}]},{\"@type\":\"WebSite\",\"@id\":\"https:\/\/gpasociados.cl\/#website\",\"url\":\"https:\/\/gpasociados.cl\/\",\"name\":\"GP asociados - Estudio jur\u00eddico\",\"description\":\"\",\"publisher\":{\"@id\":\"https:\/\/gpasociados.cl\/#organization\"},\"potentialAction\":[{\"@type\":\"SearchAction\",\"target\":{\"@type\":\"EntryPoint\",\"urlTemplate\":\"https:\/\/gpasociados.cl\/?s={search_term_string}\"},\"query-input\":{\"@type\":\"PropertyValueSpecification\",\"valueRequired\":true,\"valueName\":\"search_term_string\"}}],\"inLanguage\":\"es-CL\"},{\"@type\":\"Organization\",\"@id\":\"https:\/\/gpasociados.cl\/#organization\",\"name\":\"GP asociados - Estudio jur\u00eddico\",\"url\":\"https:\/\/gpasociados.cl\/\",\"logo\":{\"@type\":\"ImageObject\",\"inLanguage\":\"es-CL\",\"@id\":\"https:\/\/gpasociados.cl\/#\/schema\/logo\/image\/\",\"url\":\"https:\/\/gpasociados.cl\/wp-content\/uploads\/2024\/05\/cropped-cropped-GP-Asociados-900300-224x75-1.png\",\"contentUrl\":\"https:\/\/gpasociados.cl\/wp-content\/uploads\/2024\/05\/cropped-cropped-GP-Asociados-900300-224x75-1.png\",\"width\":224,\"height\":74,\"caption\":\"GP asociados - Estudio jur\u00eddico\"},\"image\":{\"@id\":\"https:\/\/gpasociados.cl\/#\/schema\/logo\/image\/\"}}]}<\/script>\n<!-- \/ Yoast SEO plugin. -->","yoast_head_json":{"title":"Contratos - GP asociados - Estudio jur\u00eddico","description":"Redacci\u00f3n y revisi\u00f3n de contratos civiles y comerciales. Protege tus acuerdos con asesor\u00eda legal experta. Servicio r\u00e1pido, claro y confiable.","robots":{"index":"index","follow":"follow","max-snippet":"max-snippet:-1","max-image-preview":"max-image-preview:large","max-video-preview":"max-video-preview:-1"},"canonical":"https:\/\/gpasociados.cl\/index.php\/contratos\/","og_locale":"es_ES","og_type":"article","og_title":"Contratos - GP asociados - Estudio jur\u00eddico","og_description":"Redacci\u00f3n y revisi\u00f3n de contratos civiles y comerciales. Protege tus acuerdos con asesor\u00eda legal experta. Servicio r\u00e1pido, claro y confiable.","og_url":"https:\/\/gpasociados.cl\/index.php\/contratos\/","og_site_name":"GP asociados - Estudio jur\u00eddico","article_modified_time":"2025-07-29T19:47:08+00:00","twitter_card":"summary_large_image","twitter_misc":{"Tiempo estimado de lectura":"3 minutos"},"schema":{"@context":"https:\/\/schema.org","@graph":[{"@type":"WebPage","@id":"https:\/\/gpasociados.cl\/index.php\/contratos\/","url":"https:\/\/gpasociados.cl\/index.php\/contratos\/","name":"Contratos - GP asociados - Estudio jur\u00eddico","isPartOf":{"@id":"https:\/\/gpasociados.cl\/#website"},"datePublished":"2024-05-08T20:50:02+00:00","dateModified":"2025-07-29T19:47:08+00:00","description":"Redacci\u00f3n y revisi\u00f3n de contratos civiles y comerciales. Protege tus acuerdos con asesor\u00eda legal experta. Servicio r\u00e1pido, claro y confiable.","breadcrumb":{"@id":"https:\/\/gpasociados.cl\/index.php\/contratos\/#breadcrumb"},"inLanguage":"es-CL","potentialAction":[{"@type":"ReadAction","target":["https:\/\/gpasociados.cl\/index.php\/contratos\/"]}]},{"@type":"BreadcrumbList","@id":"https:\/\/gpasociados.cl\/index.php\/contratos\/#breadcrumb","itemListElement":[{"@type":"ListItem","position":1,"name":"Portada","item":"https:\/\/gpasociados.cl\/"},{"@type":"ListItem","position":2,"name":"Contratos"}]},{"@type":"WebSite","@id":"https:\/\/gpasociados.cl\/#website","url":"https:\/\/gpasociados.cl\/","name":"GP asociados - Estudio jur\u00eddico","description":"","publisher":{"@id":"https:\/\/gpasociados.cl\/#organization"},"potentialAction":[{"@type":"SearchAction","target":{"@type":"EntryPoint","urlTemplate":"https:\/\/gpasociados.cl\/?s={search_term_string}"},"query-input":{"@type":"PropertyValueSpecification","valueRequired":true,"valueName":"search_term_string"}}],"inLanguage":"es-CL"},{"@type":"Organization","@id":"https:\/\/gpasociados.cl\/#organization","name":"GP asociados - Estudio jur\u00eddico","url":"https:\/\/gpasociados.cl\/","logo":{"@type":"ImageObject","inLanguage":"es-CL","@id":"https:\/\/gpasociados.cl\/#\/schema\/logo\/image\/","url":"https:\/\/gpasociados.cl\/wp-content\/uploads\/2024\/05\/cropped-cropped-GP-Asociados-900300-224x75-1.png","contentUrl":"https:\/\/gpasociados.cl\/wp-content\/uploads\/2024\/05\/cropped-cropped-GP-Asociados-900300-224x75-1.png","width":224,"height":74,"caption":"GP asociados - Estudio jur\u00eddico"},"image":{"@id":"https:\/\/gpasociados.cl\/#\/schema\/logo\/image\/"}}]}},"_links":{"self":[{"href":"https:\/\/gpasociados.cl\/index.php\/wp-json\/wp\/v2\/pages\/371","targetHints":{"allow":["GET"]}}],"collection":[{"href":"https:\/\/gpasociados.cl\/index.php\/wp-json\/wp\/v2\/pages"}],"about":[{"href":"https:\/\/gpasociados.cl\/index.php\/wp-json\/wp\/v2\/types\/page"}],"author":[{"embeddable":true,"href":"https:\/\/gpasociados.cl\/index.php\/wp-json\/wp\/v2\/users\/1"}],"replies":[{"embeddable":true,"href":"https:\/\/gpasociados.cl\/index.php\/wp-json\/wp\/v2\/comments?post=371"}],"version-history":[{"count":55,"href":"https:\/\/gpasociados.cl\/index.php\/wp-json\/wp\/v2\/pages\/371\/revisions"}],"predecessor-version":[{"id":1711,"href":"https:\/\/gpasociados.cl\/index.php\/wp-json\/wp\/v2\/pages\/371\/revisions\/1711"}],"wp:attachment":[{"href":"https:\/\/gpasociados.cl\/index.php\/wp-json\/wp\/v2\/media?parent=371"}],"curies":[{"name":"wp","href":"https:\/\/api.w.org\/{rel}","templated":true}]}}