{"id":348,"date":"2024-05-08T17:35:28","date_gmt":"2024-05-08T20:35:28","guid":{"rendered":"https:\/\/gpasociados.cl\/?page_id=348"},"modified":"2025-07-29T17:09:29","modified_gmt":"2025-07-29T20:09:29","slug":"derecho-civil","status":"publish","type":"page","link":"https:\/\/gpasociados.cl\/index.php\/derecho-civil\/","title":{"rendered":"Derecho Civil"},"content":{"rendered":"\t\t<div data-elementor-type=\"wp-page\" data-elementor-id=\"348\" class=\"elementor elementor-348\">\n\t\t\t\t<div class=\"elementor-element elementor-element-bbb11f2 e-flex e-con-boxed e-con e-parent\" data-id=\"bbb11f2\" data-element_type=\"container\" data-settings=\"{&quot;background_background&quot;:&quot;classic&quot;}\">\n\t\t\t\t\t<div class=\"e-con-inner\">\n\t\t<div class=\"elementor-element elementor-element-31aa71e e-con-full e-flex e-con e-child\" data-id=\"31aa71e\" data-element_type=\"container\">\n\t\t<div class=\"elementor-element elementor-element-2dce71e e-con-full e-flex e-con e-child\" data-id=\"2dce71e\" data-element_type=\"container\">\n\t\t\t\t<div class=\"elementor-element elementor-element-9fa2d10 elementor-widget__width-initial elementor-widget elementor-widget-heading\" data-id=\"9fa2d10\" data-element_type=\"widget\" data-widget_type=\"heading.default\">\n\t\t\t\t<div class=\"elementor-widget-container\">\n\t\t\t\t\t<h1 class=\"elementor-heading-title elementor-size-default\">Derecho Civil<\/h1>\t\t\t\t<\/div>\n\t\t\t\t<\/div>\n\t\t\t\t<div class=\"elementor-element elementor-element-5a0789d elementor-widget__width-initial elementor-widget elementor-widget-text-editor\" data-id=\"5a0789d\" data-element_type=\"widget\" data-widget_type=\"text-editor.default\">\n\t\t\t\t<div class=\"elementor-widget-container\">\n\t\t\t\t\t\t\t\t\t<p>En <strong data-start=\"478\" data-end=\"494\">GP Asociados<\/strong> contamos con abogados especializados en <strong data-start=\"535\" data-end=\"552\">derecho civil<\/strong>, listos para asesorarte y representarte en una amplia variedad de situaciones legales.<\/p>\t\t\t\t\t\t\t\t<\/div>\n\t\t\t\t<\/div>\n\t\t\t\t<\/div>\n\t\t\t\t<\/div>\n\t\t\t\t\t<\/div>\n\t\t\t\t<\/div>\n\t\t<div class=\"elementor-element elementor-element-47ebf89 e-flex e-con-boxed e-con e-parent\" data-id=\"47ebf89\" data-element_type=\"container\">\n\t\t\t\t\t<div class=\"e-con-inner\">\n\t\t\t\t<div class=\"elementor-element elementor-element-eaa79cf elementor-widget elementor-widget-heading\" data-id=\"eaa79cf\" data-element_type=\"widget\" data-widget_type=\"heading.default\">\n\t\t\t\t<div class=\"elementor-widget-container\">\n\t\t\t\t\t<h2 class=\"elementor-heading-title elementor-size-default\">Ofrecemos defensa y gesti\u00f3n legal en casos como<\/h2>\t\t\t\t<\/div>\n\t\t\t\t<\/div>\n\t\t\t\t\t<\/div>\n\t\t\t\t<\/div>\n\t\t<div class=\"elementor-element elementor-element-1e1fa4c e-flex e-con-boxed elementor-invisible e-con e-parent\" data-id=\"1e1fa4c\" data-element_type=\"container\" data-settings=\"{&quot;animation&quot;:&quot;fadeInUp&quot;}\">\n\t\t\t\t\t<div class=\"e-con-inner\">\n\t\t<div class=\"elementor-element elementor-element-52285c7 e-con-full e-flex e-con e-child\" data-id=\"52285c7\" data-element_type=\"container\">\n\t\t\t\t<div class=\"elementor-element elementor-element-f6b6fd5 elementor-widget elementor-widget-heading\" data-id=\"f6b6fd5\" data-element_type=\"widget\" data-widget_type=\"heading.default\">\n\t\t\t\t<div class=\"elementor-widget-container\">\n\t\t\t\t\t<h3 class=\"elementor-heading-title elementor-size-default\"> Cambio de Nombre<\/h3>\t\t\t\t<\/div>\n\t\t\t\t<\/div>\n\t\t\t\t<div class=\"elementor-element elementor-element-90599c7 elementor-widget elementor-widget-text-editor\" data-id=\"90599c7\" data-element_type=\"widget\" data-widget_type=\"text-editor.default\">\n\t\t\t\t<div class=\"elementor-widget-container\">\n\t\t\t\t\t\t\t\t\t<div class=\"elementor-element elementor-element-6a5a38f elementor-widget elementor-widget-text-editor\" data-id=\"6a5a38f\" data-element_type=\"widget\" data-widget_type=\"text-editor.default\"><div class=\"elementor-widget-container\"><p>Es un procedimiento legal mediante el cual una persona puede modificar su nombre o apellido en el Registro Civil, por razones fundadas como errores, burlas, reconocimiento de identidad, entre otros.<\/p><\/div><\/div>\t\t\t\t\t\t\t\t<\/div>\n\t\t\t\t<\/div>\n\t\t\t\t<div class=\"elementor-element elementor-element-907d91c elementor-align-left elementor-widget elementor-widget-button\" data-id=\"907d91c\" data-element_type=\"widget\" data-widget_type=\"button.default\">\n\t\t\t\t<div class=\"elementor-widget-container\">\n\t\t\t\t\t\t\t\t\t<div class=\"elementor-button-wrapper\">\n\t\t\t\t\t<a class=\"elementor-button elementor-button-link elementor-size-sm\" href=\"https:\/\/gpasociados.cl\/index.php\/cambio-de-nombre\/\">\n\t\t\t\t\t\t<span class=\"elementor-button-content-wrapper\">\n\t\t\t\t\t\t\t\t\t<span class=\"elementor-button-text\">SABER M\u00c1S<\/span>\n\t\t\t\t\t<\/span>\n\t\t\t\t\t<\/a>\n\t\t\t\t<\/div>\n\t\t\t\t\t\t\t\t<\/div>\n\t\t\t\t<\/div>\n\t\t\t\t<\/div>\n\t\t<div class=\"elementor-element elementor-element-44aaee2 e-con-full e-flex e-con e-child\" data-id=\"44aaee2\" data-element_type=\"container\">\n\t\t\t\t<div class=\"elementor-element elementor-element-4345826 elementor-widget elementor-widget-heading\" data-id=\"4345826\" data-element_type=\"widget\" data-widget_type=\"heading.default\">\n\t\t\t\t<div class=\"elementor-widget-container\">\n\t\t\t\t\t<h3 class=\"elementor-heading-title elementor-size-default\">Posesi\u00f3n Efectiva\n<\/h3>\t\t\t\t<\/div>\n\t\t\t\t<\/div>\n\t\t\t\t<div class=\"elementor-element elementor-element-e43a092 elementor-widget__width-initial elementor-widget elementor-widget-text-editor\" data-id=\"e43a092\" data-element_type=\"widget\" data-widget_type=\"text-editor.default\">\n\t\t\t\t<div class=\"elementor-widget-container\">\n\t\t\t\t\t\t\t\t\t<div class=\"elementor-element elementor-element-6a5a38f elementor-widget elementor-widget-text-editor\" data-id=\"6a5a38f\" data-element_type=\"widget\" data-widget_type=\"text-editor.default\">\n<div class=\"elementor-widget-container\">\n<div class=\"elementor-element elementor-element-4bc5bf0 elementor-widget elementor-widget-text-editor\" data-id=\"4bc5bf0\" data-element_type=\"widget\" data-widget_type=\"text-editor.default\">\n<div class=\"elementor-widget-container\">\n<div class=\"elementor-element elementor-element-b671072 elementor-widget elementor-widget-text-editor\" data-id=\"b671072\" data-element_type=\"widget\" data-widget_type=\"text-editor.default\">\n<div class=\"elementor-widget-container\">\n<div class=\"elementor-element elementor-element-c674c6a elementor-widget elementor-widget-text-editor\" data-id=\"c674c6a\" data-element_type=\"widget\" data-widget_type=\"text-editor.default\">\n<div class=\"elementor-widget-container\">\n<p>Es el tr\u00e1mite legal que reconoce a los herederos de una persona fallecida, permiti\u00e9ndoles disponer de los bienes del difunto. Puede ser solicitada ante el Registro Civil(herencia intestada) o en tribunales (cuando hay testamento).<\/p>\n<\/div>\n<\/div>\n<\/div>\n<\/div>\n<\/div>\n<\/div>\n<\/div>\n<\/div>\t\t\t\t\t\t\t\t<\/div>\n\t\t\t\t<\/div>\n\t\t\t\t<div class=\"elementor-element elementor-element-6c83ef9 elementor-align-left elementor-widget elementor-widget-button\" data-id=\"6c83ef9\" data-element_type=\"widget\" data-widget_type=\"button.default\">\n\t\t\t\t<div class=\"elementor-widget-container\">\n\t\t\t\t\t\t\t\t\t<div class=\"elementor-button-wrapper\">\n\t\t\t\t\t<a class=\"elementor-button elementor-button-link elementor-size-sm\" href=\"https:\/\/gpasociados.cl\/index.php\/posesion-efectiva\/\">\n\t\t\t\t\t\t<span class=\"elementor-button-content-wrapper\">\n\t\t\t\t\t\t\t\t\t<span class=\"elementor-button-text\">SABER M\u00c1S<\/span>\n\t\t\t\t\t<\/span>\n\t\t\t\t\t<\/a>\n\t\t\t\t<\/div>\n\t\t\t\t\t\t\t\t<\/div>\n\t\t\t\t<\/div>\n\t\t\t\t<\/div>\n\t\t\t\t\t<\/div>\n\t\t\t\t<\/div>\n\t\t<div class=\"elementor-element elementor-element-302bacf e-flex e-con-boxed elementor-invisible e-con e-parent\" data-id=\"302bacf\" data-element_type=\"container\" data-settings=\"{&quot;animation&quot;:&quot;fadeInUp&quot;,&quot;animation_delay&quot;:300}\">\n\t\t\t\t\t<div class=\"e-con-inner\">\n\t\t<div class=\"elementor-element elementor-element-f5a01fa e-con-full e-flex e-con e-child\" data-id=\"f5a01fa\" data-element_type=\"container\">\n\t\t\t\t<div class=\"elementor-element elementor-element-4464a70 elementor-widget elementor-widget-heading\" data-id=\"4464a70\" data-element_type=\"widget\" data-widget_type=\"heading.default\">\n\t\t\t\t<div class=\"elementor-widget-container\">\n\t\t\t\t\t<h3 class=\"elementor-heading-title elementor-size-default\">Interdicci\u00f3n<\/h3>\t\t\t\t<\/div>\n\t\t\t\t<\/div>\n\t\t\t\t<div class=\"elementor-element elementor-element-e2ab538 elementor-widget elementor-widget-text-editor\" data-id=\"e2ab538\" data-element_type=\"widget\" data-widget_type=\"text-editor.default\">\n\t\t\t\t<div class=\"elementor-widget-container\">\n\t\t\t\t\t\t\t\t\t<div class=\"elementor-element elementor-element-6a5a38f elementor-widget elementor-widget-text-editor\" data-id=\"6a5a38f\" data-element_type=\"widget\" data-widget_type=\"text-editor.default\"><div class=\"elementor-widget-container\"><div class=\"elementor-element elementor-element-deb5f2d elementor-widget elementor-widget-text-editor\" data-id=\"deb5f2d\" data-element_type=\"widget\" data-widget_type=\"text-editor.default\"><div class=\"elementor-widget-container\"><div class=\"elementor-element elementor-element-30ba33d elementor-widget elementor-widget-text-editor\" data-id=\"30ba33d\" data-element_type=\"widget\" data-widget_type=\"text-editor.default\"><div class=\"elementor-widget-container\"><p>Es una resoluci\u00f3n judicial que declara a una persona <strong data-start=\"733\" data-end=\"755\">incapaz legalmente<\/strong> de administrar sus bienes, debido a discapacidad mental, prodigalidad o adicciones graves. Se designa un curador que act\u00faa en su representaci\u00f3n.<\/p><\/div><\/div><\/div><\/div><\/div><\/div>\t\t\t\t\t\t\t\t<\/div>\n\t\t\t\t<\/div>\n\t\t\t\t<div class=\"elementor-element elementor-element-96e4a7d elementor-align-left elementor-widget elementor-widget-button\" data-id=\"96e4a7d\" data-element_type=\"widget\" data-widget_type=\"button.default\">\n\t\t\t\t<div class=\"elementor-widget-container\">\n\t\t\t\t\t\t\t\t\t<div class=\"elementor-button-wrapper\">\n\t\t\t\t\t<a class=\"elementor-button elementor-button-link elementor-size-sm\" href=\"https:\/\/gpasociados.cl\/index.php\/interdiccion\/\">\n\t\t\t\t\t\t<span class=\"elementor-button-content-wrapper\">\n\t\t\t\t\t\t\t\t\t<span class=\"elementor-button-text\">SABER M\u00c1S<\/span>\n\t\t\t\t\t<\/span>\n\t\t\t\t\t<\/a>\n\t\t\t\t<\/div>\n\t\t\t\t\t\t\t\t<\/div>\n\t\t\t\t<\/div>\n\t\t\t\t<\/div>\n\t\t<div class=\"elementor-element elementor-element-e098908 e-con-full e-flex e-con e-child\" data-id=\"e098908\" data-element_type=\"container\">\n\t\t\t\t<div class=\"elementor-element elementor-element-1be76e4 elementor-widget elementor-widget-heading\" data-id=\"1be76e4\" data-element_type=\"widget\" data-widget_type=\"heading.default\">\n\t\t\t\t<div class=\"elementor-widget-container\">\n\t\t\t\t\t<h3 class=\"elementor-heading-title elementor-size-default\">Testamento\n<\/h3>\t\t\t\t<\/div>\n\t\t\t\t<\/div>\n\t\t\t\t<div class=\"elementor-element elementor-element-7e65910 elementor-widget__width-initial elementor-widget elementor-widget-text-editor\" data-id=\"7e65910\" data-element_type=\"widget\" data-widget_type=\"text-editor.default\">\n\t\t\t\t<div class=\"elementor-widget-container\">\n\t\t\t\t\t\t\t\t\t<div class=\"elementor-element elementor-element-6a5a38f elementor-widget elementor-widget-text-editor\" data-id=\"6a5a38f\" data-element_type=\"widget\" data-widget_type=\"text-editor.default\"><div class=\"elementor-widget-container\"><div class=\"elementor-element elementor-element-4bc5bf0 elementor-widget elementor-widget-text-editor\" data-id=\"4bc5bf0\" data-element_type=\"widget\" data-widget_type=\"text-editor.default\"><div class=\"elementor-widget-container\"><div class=\"elementor-element elementor-element-b671072 elementor-widget elementor-widget-text-editor\" data-id=\"b671072\" data-element_type=\"widget\" data-widget_type=\"text-editor.default\"><div class=\"elementor-widget-container\"><div class=\"elementor-element elementor-element-f7e69e6 elementor-widget elementor-widget-text-editor\" data-id=\"f7e69e6\" data-element_type=\"widget\" data-widget_type=\"text-editor.default\"><div class=\"elementor-widget-container\"><p>Es un acto jur\u00eddico mediante el cual una persona dispone de sus bienes para despu\u00e9s de su muerte. Puede ser abierto o cerrado, y debe cumplir ciertas formalidades para ser v\u00e1lido legalmente.<\/p><\/div><\/div><\/div><\/div><\/div><\/div><\/div><\/div>\t\t\t\t\t\t\t\t<\/div>\n\t\t\t\t<\/div>\n\t\t\t\t<div class=\"elementor-element elementor-element-79845a3 elementor-align-left elementor-widget elementor-widget-button\" data-id=\"79845a3\" data-element_type=\"widget\" data-widget_type=\"button.default\">\n\t\t\t\t<div class=\"elementor-widget-container\">\n\t\t\t\t\t\t\t\t\t<div class=\"elementor-button-wrapper\">\n\t\t\t\t\t<a class=\"elementor-button elementor-button-link elementor-size-sm\" href=\"https:\/\/gpasociados.cl\/index.php\/testamento\/\">\n\t\t\t\t\t\t<span class=\"elementor-button-content-wrapper\">\n\t\t\t\t\t\t\t\t\t<span class=\"elementor-button-text\">SABER M\u00c1S<\/span>\n\t\t\t\t\t<\/span>\n\t\t\t\t\t<\/a>\n\t\t\t\t<\/div>\n\t\t\t\t\t\t\t\t<\/div>\n\t\t\t\t<\/div>\n\t\t\t\t<\/div>\n\t\t\t\t\t<\/div>\n\t\t\t\t<\/div>\n\t\t\t\t<\/div>\n\t\t","protected":false},"excerpt":{"rendered":"<p>Derecho Civil En GP Asociados contamos con abogados especializados en derecho civil, listos para asesorarte y representarte en una amplia [&hellip;]<\/p>\n","protected":false},"author":1,"featured_media":0,"parent":0,"menu_order":0,"comment_status":"closed","ping_status":"closed","template":"","meta":{"site-sidebar-layout":"no-sidebar","site-content-layout":"","ast-site-content-layout":"full-width-container","site-content-style":"default","site-sidebar-style":"default","ast-global-header-display":"","ast-banner-title-visibility":"","ast-main-header-display":"","ast-hfb-above-header-display":"","ast-hfb-below-header-display":"","ast-hfb-mobile-header-display":"","site-post-title":"disabled","ast-breadcrumbs-content":"","ast-featured-img":"disabled","footer-sml-layout":"","theme-transparent-header-meta":"","adv-header-id-meta":"","stick-header-meta":"","header-above-stick-meta":"","header-main-stick-meta":"","header-below-stick-meta":"","astra-migrate-meta-layouts":"default","ast-page-background-enabled":"default","ast-page-background-meta":{"desktop":{"background-color":"var(--ast-global-color-4)","background-image":"","background-repeat":"repeat","background-position":"center center","background-size":"auto","background-attachment":"scroll","background-type":"","background-media":"","overlay-type":"","overlay-color":"","overlay-opacity":"","overlay-gradient":""},"tablet":{"background-color":"","background-image":"","background-repeat":"repeat","background-position":"center center","background-size":"auto","background-attachment":"scroll","background-type":"","background-media":"","overlay-type":"","overlay-color":"","overlay-opacity":"","overlay-gradient":""},"mobile":{"background-color":"","background-image":"","background-repeat":"repeat","background-position":"center center","background-size":"auto","background-attachment":"scroll","background-type":"","background-media":"","overlay-type":"","overlay-color":"","overlay-opacity":"","overlay-gradient":""}},"ast-content-background-meta":{"desktop":{"background-color":"var(--ast-global-color-5)","background-image":"","background-repeat":"repeat","background-position":"center center","background-size":"auto","background-attachment":"scroll","background-type":"","background-media":"","overlay-type":"","overlay-color":"","overlay-opacity":"","overlay-gradient":""},"tablet":{"background-color":"var(--ast-global-color-5)","background-image":"","background-repeat":"repeat","background-position":"center center","background-size":"auto","background-attachment":"scroll","background-type":"","background-media":"","overlay-type":"","overlay-color":"","overlay-opacity":"","overlay-gradient":""},"mobile":{"background-color":"var(--ast-global-color-5)","background-image":"","background-repeat":"repeat","background-position":"center center","background-size":"auto","background-attachment":"scroll","background-type":"","background-media":"","overlay-type":"","overlay-color":"","overlay-opacity":"","overlay-gradient":""}},"footnotes":""},"class_list":["post-348","page","type-page","status-publish","hentry"],"yoast_head":"<!-- This site is optimized with the Yoast SEO plugin v26.0 - https:\/\/yoast.com\/wordpress\/plugins\/seo\/ -->\n<title>Derecho Civil - GP asociados - Estudio jur\u00eddico<\/title>\n<meta name=\"description\" content=\"Asesor\u00eda legal en derecho civil: cambios de nombre, interdicci\u00f3n, posesiones efectivas y m\u00e1s. Abogados confiables y cercanos en todo Chile.\" \/>\n<meta name=\"robots\" content=\"index, follow, max-snippet:-1, max-image-preview:large, max-video-preview:-1\" \/>\n<link rel=\"canonical\" href=\"https:\/\/gpasociados.cl\/index.php\/derecho-civil\/\" \/>\n<meta property=\"og:locale\" content=\"es_ES\" \/>\n<meta property=\"og:type\" content=\"article\" \/>\n<meta property=\"og:title\" content=\"Derecho Civil - GP asociados - Estudio jur\u00eddico\" \/>\n<meta property=\"og:description\" content=\"Asesor\u00eda legal en derecho civil: cambios de nombre, interdicci\u00f3n, posesiones efectivas y m\u00e1s. Abogados confiables y cercanos en todo Chile.\" \/>\n<meta property=\"og:url\" content=\"https:\/\/gpasociados.cl\/index.php\/derecho-civil\/\" \/>\n<meta property=\"og:site_name\" content=\"GP asociados - Estudio jur\u00eddico\" \/>\n<meta property=\"article:modified_time\" content=\"2025-07-29T20:09:29+00:00\" \/>\n<meta name=\"twitter:card\" content=\"summary_large_image\" \/>\n<meta name=\"twitter:label1\" content=\"Tiempo estimado de lectura\" \/>\n\t<meta name=\"twitter:data1\" content=\"3 minutos\" \/>\n<script type=\"application\/ld+json\" class=\"yoast-schema-graph\">{\"@context\":\"https:\/\/schema.org\",\"@graph\":[{\"@type\":\"WebPage\",\"@id\":\"https:\/\/gpasociados.cl\/index.php\/derecho-civil\/\",\"url\":\"https:\/\/gpasociados.cl\/index.php\/derecho-civil\/\",\"name\":\"Derecho Civil - GP asociados - Estudio jur\u00eddico\",\"isPartOf\":{\"@id\":\"https:\/\/gpasociados.cl\/#website\"},\"datePublished\":\"2024-05-08T20:35:28+00:00\",\"dateModified\":\"2025-07-29T20:09:29+00:00\",\"description\":\"Asesor\u00eda legal en derecho civil: cambios de nombre, interdicci\u00f3n, posesiones efectivas y m\u00e1s. Abogados confiables y cercanos en todo Chile.\",\"breadcrumb\":{\"@id\":\"https:\/\/gpasociados.cl\/index.php\/derecho-civil\/#breadcrumb\"},\"inLanguage\":\"es-CL\",\"potentialAction\":[{\"@type\":\"ReadAction\",\"target\":[\"https:\/\/gpasociados.cl\/index.php\/derecho-civil\/\"]}]},{\"@type\":\"BreadcrumbList\",\"@id\":\"https:\/\/gpasociados.cl\/index.php\/derecho-civil\/#breadcrumb\",\"itemListElement\":[{\"@type\":\"ListItem\",\"position\":1,\"name\":\"Portada\",\"item\":\"https:\/\/gpasociados.cl\/\"},{\"@type\":\"ListItem\",\"position\":2,\"name\":\"Derecho Civil\"}]},{\"@type\":\"WebSite\",\"@id\":\"https:\/\/gpasociados.cl\/#website\",\"url\":\"https:\/\/gpasociados.cl\/\",\"name\":\"GP asociados - Estudio jur\u00eddico\",\"description\":\"\",\"publisher\":{\"@id\":\"https:\/\/gpasociados.cl\/#organization\"},\"potentialAction\":[{\"@type\":\"SearchAction\",\"target\":{\"@type\":\"EntryPoint\",\"urlTemplate\":\"https:\/\/gpasociados.cl\/?s={search_term_string}\"},\"query-input\":{\"@type\":\"PropertyValueSpecification\",\"valueRequired\":true,\"valueName\":\"search_term_string\"}}],\"inLanguage\":\"es-CL\"},{\"@type\":\"Organization\",\"@id\":\"https:\/\/gpasociados.cl\/#organization\",\"name\":\"GP asociados - Estudio jur\u00eddico\",\"url\":\"https:\/\/gpasociados.cl\/\",\"logo\":{\"@type\":\"ImageObject\",\"inLanguage\":\"es-CL\",\"@id\":\"https:\/\/gpasociados.cl\/#\/schema\/logo\/image\/\",\"url\":\"https:\/\/gpasociados.cl\/wp-content\/uploads\/2024\/05\/cropped-cropped-GP-Asociados-900300-224x75-1.png\",\"contentUrl\":\"https:\/\/gpasociados.cl\/wp-content\/uploads\/2024\/05\/cropped-cropped-GP-Asociados-900300-224x75-1.png\",\"width\":224,\"height\":74,\"caption\":\"GP asociados - Estudio jur\u00eddico\"},\"image\":{\"@id\":\"https:\/\/gpasociados.cl\/#\/schema\/logo\/image\/\"}}]}<\/script>\n<!-- \/ Yoast SEO plugin. -->","yoast_head_json":{"title":"Derecho Civil - GP asociados - Estudio jur\u00eddico","description":"Asesor\u00eda legal en derecho civil: cambios de nombre, interdicci\u00f3n, posesiones efectivas y m\u00e1s. Abogados confiables y cercanos en todo Chile.","robots":{"index":"index","follow":"follow","max-snippet":"max-snippet:-1","max-image-preview":"max-image-preview:large","max-video-preview":"max-video-preview:-1"},"canonical":"https:\/\/gpasociados.cl\/index.php\/derecho-civil\/","og_locale":"es_ES","og_type":"article","og_title":"Derecho Civil - GP asociados - Estudio jur\u00eddico","og_description":"Asesor\u00eda legal en derecho civil: cambios de nombre, interdicci\u00f3n, posesiones efectivas y m\u00e1s. Abogados confiables y cercanos en todo Chile.","og_url":"https:\/\/gpasociados.cl\/index.php\/derecho-civil\/","og_site_name":"GP asociados - Estudio jur\u00eddico","article_modified_time":"2025-07-29T20:09:29+00:00","twitter_card":"summary_large_image","twitter_misc":{"Tiempo estimado de lectura":"3 minutos"},"schema":{"@context":"https:\/\/schema.org","@graph":[{"@type":"WebPage","@id":"https:\/\/gpasociados.cl\/index.php\/derecho-civil\/","url":"https:\/\/gpasociados.cl\/index.php\/derecho-civil\/","name":"Derecho Civil - GP asociados - Estudio jur\u00eddico","isPartOf":{"@id":"https:\/\/gpasociados.cl\/#website"},"datePublished":"2024-05-08T20:35:28+00:00","dateModified":"2025-07-29T20:09:29+00:00","description":"Asesor\u00eda legal en derecho civil: cambios de nombre, interdicci\u00f3n, posesiones efectivas y m\u00e1s. Abogados confiables y cercanos en todo Chile.","breadcrumb":{"@id":"https:\/\/gpasociados.cl\/index.php\/derecho-civil\/#breadcrumb"},"inLanguage":"es-CL","potentialAction":[{"@type":"ReadAction","target":["https:\/\/gpasociados.cl\/index.php\/derecho-civil\/"]}]},{"@type":"BreadcrumbList","@id":"https:\/\/gpasociados.cl\/index.php\/derecho-civil\/#breadcrumb","itemListElement":[{"@type":"ListItem","position":1,"name":"Portada","item":"https:\/\/gpasociados.cl\/"},{"@type":"ListItem","position":2,"name":"Derecho Civil"}]},{"@type":"WebSite","@id":"https:\/\/gpasociados.cl\/#website","url":"https:\/\/gpasociados.cl\/","name":"GP asociados - Estudio jur\u00eddico","description":"","publisher":{"@id":"https:\/\/gpasociados.cl\/#organization"},"potentialAction":[{"@type":"SearchAction","target":{"@type":"EntryPoint","urlTemplate":"https:\/\/gpasociados.cl\/?s={search_term_string}"},"query-input":{"@type":"PropertyValueSpecification","valueRequired":true,"valueName":"search_term_string"}}],"inLanguage":"es-CL"},{"@type":"Organization","@id":"https:\/\/gpasociados.cl\/#organization","name":"GP asociados - Estudio jur\u00eddico","url":"https:\/\/gpasociados.cl\/","logo":{"@type":"ImageObject","inLanguage":"es-CL","@id":"https:\/\/gpasociados.cl\/#\/schema\/logo\/image\/","url":"https:\/\/gpasociados.cl\/wp-content\/uploads\/2024\/05\/cropped-cropped-GP-Asociados-900300-224x75-1.png","contentUrl":"https:\/\/gpasociados.cl\/wp-content\/uploads\/2024\/05\/cropped-cropped-GP-Asociados-900300-224x75-1.png","width":224,"height":74,"caption":"GP asociados - Estudio jur\u00eddico"},"image":{"@id":"https:\/\/gpasociados.cl\/#\/schema\/logo\/image\/"}}]}},"_links":{"self":[{"href":"https:\/\/gpasociados.cl\/index.php\/wp-json\/wp\/v2\/pages\/348","targetHints":{"allow":["GET"]}}],"collection":[{"href":"https:\/\/gpasociados.cl\/index.php\/wp-json\/wp\/v2\/pages"}],"about":[{"href":"https:\/\/gpasociados.cl\/index.php\/wp-json\/wp\/v2\/types\/page"}],"author":[{"embeddable":true,"href":"https:\/\/gpasociados.cl\/index.php\/wp-json\/wp\/v2\/users\/1"}],"replies":[{"embeddable":true,"href":"https:\/\/gpasociados.cl\/index.php\/wp-json\/wp\/v2\/comments?post=348"}],"version-history":[{"count":65,"href":"https:\/\/gpasociados.cl\/index.php\/wp-json\/wp\/v2\/pages\/348\/revisions"}],"predecessor-version":[{"id":1745,"href":"https:\/\/gpasociados.cl\/index.php\/wp-json\/wp\/v2\/pages\/348\/revisions\/1745"}],"wp:attachment":[{"href":"https:\/\/gpasociados.cl\/index.php\/wp-json\/wp\/v2\/media?parent=348"}],"curies":[{"name":"wp","href":"https:\/\/api.w.org\/{rel}","templated":true}]}}